{"id":442509,"date":"2023-12-12T18:58:25","date_gmt":"2023-12-12T17:58:25","guid":{"rendered":"https:\/\/ferdz.fr\/?post_type=product&#038;p=442509"},"modified":"2025-03-16T13:06:58","modified_gmt":"2025-03-16T12:06:58","slug":"mico-cinetic-se-midi-controller","status":"publish","type":"product","link":"https:\/\/ferdz.fr\/index.php\/product\/mico-cinetic-se-midi-controller\/","title":{"rendered":"MICO Cinetic SE &#8211; Midi Controller"},"content":{"rendered":"\t\t<div data-elementor-type=\"product-post\" data-elementor-id=\"442509\" class=\"elementor elementor-442509\" data-elementor-post-type=\"product\">\n\t\t\t\t\t\t<section class=\"elementor-section elementor-top-section elementor-element elementor-element-4ddba80f elementor-section-boxed elementor-section-height-default elementor-section-height-default\" data-id=\"4ddba80f\" data-element_type=\"section\" data-e-type=\"section\">\n\t\t\t\t\t\t<div class=\"elementor-container elementor-column-gap-default\">\n\t\t\t\t\t<div class=\"elementor-column elementor-col-100 elementor-top-column elementor-element elementor-element-2388c96\" data-id=\"2388c96\" data-element_type=\"column\" data-e-type=\"column\">\n\t\t\t<div class=\"elementor-widget-wrap elementor-element-populated\">\n\t\t\t\t\t\t<div class=\"elementor-element elementor-element-79bc2af8 elementor-widget elementor-widget-text-editor\" data-id=\"79bc2af8\" data-element_type=\"widget\" data-e-type=\"widget\" data-widget_type=\"text-editor.default\">\n\t\t\t\t<div class=\"elementor-widget-container\">\n\t\t\t\t\t\t\t\t\t<p>MICO Cinetic SE, a simple and intuitive universal midi controller specially to control the dynamics, expressions of plugins and Kontakt banks, to adding life and realism in your music.<\/p><p><span style=\"font-size: 20px; font-family: var( --e-global-typography-text-font-family ), Bodoni; letter-spacing: 0px;\">Midi CC (Control Change) easily editable and saved in the controller without additional software.<\/span><\/p><p><span style=\"font-size: 20px; font-family: var( --e-global-typography-text-font-family ), Bodoni; letter-spacing: 0px;\">With durable and quality components, 100mm slide potentiometers, Alps, anodized Aluminum knobs, multiple buttons.<\/span><\/p><p><span style=\"font-size: 20px; font-family: var( --e-global-typography-text-font-family ), Bodoni; letter-spacing: 0px;\">Easily transportable, Plug &amp; Play, USB powered<\/span><\/p><p><span style=\"font-size: 20px; font-family: var( --e-global-typography-text-font-family ), Bodoni; letter-spacing: 0px;\">\u00a0<\/span><\/p><p><span style=\"font-size: 20px; font-family: var( --e-global-typography-text-font-family ), Bodoni; letter-spacing: 0px;\">MICO Cinetic SE, un contr\u00f4leur midi universel simple et intuitif sp\u00e9cialement pens\u00e9 pour contr\u00f4ler la dynamique, les expressions des plugins et des banques Kontakt, pour ajouter de la vie et du r\u00e9alisme \u00e0 votre musique.<\/span><\/p><p><span style=\"font-size: 20px; font-family: var( --e-global-typography-text-font-family ), Bodoni; letter-spacing: 0px;\">Des Midi CC (Control Change) facilement modifiable et sauvegard\u00e9 dans le contr\u00f4leur sans logiciel suppl\u00e9mentaire.<\/span><\/p><p>Avec des composants durables et de qualit\u00e9, des potentiom\u00e8tres \u00e0 glissi\u00e8re de 100 mm, Alps, des knobs en Aluminium anodis\u00e9, plusieurs boutons.<\/p><p>Facilement transportable, Plug &amp; Play, aliment\u00e9 par USB<\/p>\t\t\t\t\t\t\t\t<\/div>\n\t\t\t\t<\/div>\n\t\t\t\t\t<\/div>\n\t\t<\/div>\n\t\t\t\t\t<\/div>\n\t\t<\/section>\n\t\t\t\t<\/div>\n\t\t","protected":false},"excerpt":{"rendered":"<div id=\"polyglot__panel\" style=\"left: 20px; top: 189px;\">\n<div class=\"polyglot__inner\">\n<div class=\"polyglot__loader-contrainer\">\n<div class=\"polyglot__loader\">Loading<\/div>\n<\/div>\n<\/div>\n<\/div>\n<p>Handcrafted Universal MIDI Controller\u00a0specially designed to control dynamic\u00a0expression in your Music<\/p>\n<p>Contr\u00f4leur MIDI universel fabriqu\u00e9 \u00e0 la main sp\u00e9cialement con\u00e7u pour contr\u00f4ler l&rsquo;expression dynamique de votre<br \/>\nmusique<\/p>\n<p><img decoding=\"async\" class=\"alignnone wp-image-436142\" src=\"https:\/\/ferdz.fr\/wp-content\/uploads\/2020\/12\/Icone-Camion-de-Livraison-300x234.png\" alt=\"\" width=\"60\" height=\"47\" srcset=\"https:\/\/ferdz.fr\/wp-content\/uploads\/2020\/12\/Icone-Camion-de-Livraison-300x234.png 300w, https:\/\/ferdz.fr\/wp-content\/uploads\/2020\/12\/Icone-Camion-de-Livraison-768x599.png 768w, https:\/\/ferdz.fr\/wp-content\/uploads\/2020\/12\/Icone-Camion-de-Livraison-600x468.png 600w, https:\/\/ferdz.fr\/wp-content\/uploads\/2020\/12\/Icone-Camion-de-Livraison.png 1016w\" sizes=\"(max-width: 60px) 100vw, 60px\" \/>\u00a0 <strong>Shipping Worldwide about 2 to 5 days !<\/strong><\/p>\n<p>Price excl. VAT\/TVA, not added at checkout<\/p>\n","protected":false},"featured_media":441294,"comment_status":"open","ping_status":"closed","template":"","meta":{"site-sidebar-layout":"default","site-content-layout":"default","ast-site-content-layout":"default","site-content-style":"default","site-sidebar-style":"default","ast-global-header-display":"","ast-banner-title-visibility":"","ast-main-header-display":"","ast-hfb-above-header-display":"","ast-hfb-below-header-display":"","ast-hfb-mobile-header-display":"","site-post-title":"","ast-breadcrumbs-content":"","ast-featured-img":"","footer-sml-layout":"","theme-transparent-header-meta":"default","adv-header-id-meta":"","stick-header-meta":"","header-above-stick-meta":"","header-main-stick-meta":"","header-below-stick-meta":"","astra-migrate-meta-layouts":"set","ast-page-background-enabled":"default","ast-page-background-meta":{"desktop":{"background-color":"","background-image":"","background-repeat":"repeat","background-position":"center center","background-size":"auto","background-attachment":"scroll","background-type":"","background-media":"","overlay-type":"","overlay-color":"","overlay-opacity":"","overlay-gradient":""},"tablet":{"background-color":"","background-image":"","background-repeat":"repeat","background-position":"center center","background-size":"auto","background-attachment":"scroll","background-type":"","background-media":"","overlay-type":"","overlay-color":"","overlay-opacity":"","overlay-gradient":""},"mobile":{"background-color":"","background-image":"","background-repeat":"repeat","background-position":"center center","background-size":"auto","background-attachment":"scroll","background-type":"","background-media":"","overlay-type":"","overlay-color":"","overlay-opacity":"","overlay-gradient":""}},"ast-content-background-meta":{"desktop":{"background-color":"var(--ast-global-color-5)","background-image":"","background-repeat":"repeat","background-position":"center center","background-size":"auto","background-attachment":"scroll","background-type":"","background-media":"","overlay-type":"","overlay-color":"","overlay-opacity":"","overlay-gradient":""},"tablet":{"background-color":"var(--ast-global-color-5)","background-image":"","background-repeat":"repeat","background-position":"center center","background-size":"auto","background-attachment":"scroll","background-type":"","background-media":"","overlay-type":"","overlay-color":"","overlay-opacity":"","overlay-gradient":""},"mobile":{"background-color":"var(--ast-global-color-5)","background-image":"","background-repeat":"repeat","background-position":"center center","background-size":"auto","background-attachment":"scroll","background-type":"","background-media":"","overlay-type":"","overlay-color":"","overlay-opacity":"","overlay-gradient":""}}},"product_brand":[],"product_cat":[72],"product_tag":[80],"class_list":{"0":"post-442509","1":"product","2":"type-product","3":"status-publish","4":"has-post-thumbnail","6":"product_cat-midi-controller","7":"product_tag-midi-controller","8":"desktop-align-left","9":"tablet-align-left","10":"mobile-align-left","12":"first","13":"outofstock","14":"purchasable","15":"product-type-simple"},"yoast_head":"<!-- This site is optimized with the Yoast SEO plugin v26.9 - https:\/\/yoast.com\/product\/yoast-seo-wordpress\/ -->\n<title>MICO Cinetic SE - Midi Controller - Ferdz<\/title>\n<meta name=\"description\" content=\"Handcrafted Universal MIDI Controller\u00a0specially designed to control dynamic\u00a0expression in your Music - Contr\u00f4leur MIDI universel fabriqu\u00e9 \u00e0 la main sp\u00e9cialement con\u00e7u pour contr\u00f4ler l&#039;expression dynamique de votre musique\" \/>\n<meta name=\"robots\" content=\"index, follow, max-snippet:-1, max-image-preview:large, max-video-preview:-1\" \/>\n<link rel=\"canonical\" href=\"https:\/\/ferdz.fr\/index.php\/product\/mico-cinetic-se-midi-controller\/\" \/>\n<meta property=\"og:locale\" content=\"fr_FR\" \/>\n<meta property=\"og:type\" content=\"article\" \/>\n<meta property=\"og:title\" content=\"MICO Cinetic SE - Midi Controller - Ferdz\" \/>\n<meta property=\"og:description\" content=\"Handcrafted Universal MIDI Controller\u00a0specially designed to control dynamic\u00a0expression in your Music - Contr\u00f4leur MIDI universel fabriqu\u00e9 \u00e0 la main sp\u00e9cialement con\u00e7u pour contr\u00f4ler l&#039;expression dynamique de votre musique\" \/>\n<meta property=\"og:url\" content=\"https:\/\/ferdz.fr\/index.php\/product\/mico-cinetic-se-midi-controller\/\" \/>\n<meta property=\"og:site_name\" content=\"Ferdz\" \/>\n<meta property=\"article:publisher\" content=\"https:\/\/www.facebook.com\/ferdz.fr\/\" \/>\n<meta property=\"article:modified_time\" content=\"2025-03-16T12:06:58+00:00\" \/>\n<meta property=\"og:image\" content=\"https:\/\/ferdz.fr\/wp-content\/uploads\/2023\/12\/MICO-Cinetic-SE-TOP.jpg\" \/>\n\t<meta property=\"og:image:width\" content=\"1024\" \/>\n\t<meta property=\"og:image:height\" content=\"1024\" \/>\n\t<meta property=\"og:image:type\" content=\"image\/jpeg\" \/>\n<meta name=\"twitter:card\" content=\"summary_large_image\" \/>\n<meta name=\"twitter:label1\" content=\"Dur\u00e9e de lecture estim\u00e9e\" \/>\n\t<meta name=\"twitter:data1\" content=\"1 minute\" \/>\n<script type=\"application\/ld+json\" class=\"yoast-schema-graph\">{\"@context\":\"https:\/\/schema.org\",\"@graph\":[{\"@type\":\"WebPage\",\"@id\":\"https:\/\/ferdz.fr\/index.php\/product\/mico-cinetic-se-midi-controller\/\",\"url\":\"https:\/\/ferdz.fr\/index.php\/product\/mico-cinetic-se-midi-controller\/\",\"name\":\"MICO Cinetic SE - Midi Controller - Ferdz\",\"isPartOf\":{\"@id\":\"https:\/\/ferdz.fr\/#website\"},\"primaryImageOfPage\":{\"@id\":\"https:\/\/ferdz.fr\/index.php\/product\/mico-cinetic-se-midi-controller\/#primaryimage\"},\"image\":{\"@id\":\"https:\/\/ferdz.fr\/index.php\/product\/mico-cinetic-se-midi-controller\/#primaryimage\"},\"thumbnailUrl\":\"https:\/\/ferdz.fr\/wp-content\/uploads\/2023\/12\/MICO-Cinetic-SE-TOP.jpg\",\"datePublished\":\"2023-12-12T17:58:25+00:00\",\"dateModified\":\"2025-03-16T12:06:58+00:00\",\"description\":\"Handcrafted Universal MIDI Controller\u00a0specially designed to control dynamic\u00a0expression in your Music - Contr\u00f4leur MIDI universel fabriqu\u00e9 \u00e0 la main sp\u00e9cialement con\u00e7u pour contr\u00f4ler l'expression dynamique de votre musique\",\"breadcrumb\":{\"@id\":\"https:\/\/ferdz.fr\/index.php\/product\/mico-cinetic-se-midi-controller\/#breadcrumb\"},\"inLanguage\":\"fr-FR\",\"potentialAction\":[{\"@type\":\"ReadAction\",\"target\":[\"https:\/\/ferdz.fr\/index.php\/product\/mico-cinetic-se-midi-controller\/\"]}]},{\"@type\":\"ImageObject\",\"inLanguage\":\"fr-FR\",\"@id\":\"https:\/\/ferdz.fr\/index.php\/product\/mico-cinetic-se-midi-controller\/#primaryimage\",\"url\":\"https:\/\/ferdz.fr\/wp-content\/uploads\/2023\/12\/MICO-Cinetic-SE-TOP.jpg\",\"contentUrl\":\"https:\/\/ferdz.fr\/wp-content\/uploads\/2023\/12\/MICO-Cinetic-SE-TOP.jpg\",\"width\":1024,\"height\":1024},{\"@type\":\"BreadcrumbList\",\"@id\":\"https:\/\/ferdz.fr\/index.php\/product\/mico-cinetic-se-midi-controller\/#breadcrumb\",\"itemListElement\":[{\"@type\":\"ListItem\",\"position\":1,\"name\":\"Accueil\",\"item\":\"https:\/\/ferdz.fr\/\"},{\"@type\":\"ListItem\",\"position\":2,\"name\":\"Shop\",\"item\":\"https:\/\/ferdz.fr\/index.php\/shop\/\"},{\"@type\":\"ListItem\",\"position\":3,\"name\":\"MICO Cinetic SE &#8211; Midi Controller\"}]},{\"@type\":\"WebSite\",\"@id\":\"https:\/\/ferdz.fr\/#website\",\"url\":\"https:\/\/ferdz.fr\/\",\"name\":\"Ferdz\",\"description\":\"Music Accessories for Musicians by Musician\",\"publisher\":{\"@id\":\"https:\/\/ferdz.fr\/#organization\"},\"potentialAction\":[{\"@type\":\"SearchAction\",\"target\":{\"@type\":\"EntryPoint\",\"urlTemplate\":\"https:\/\/ferdz.fr\/?s={search_term_string}\"},\"query-input\":{\"@type\":\"PropertyValueSpecification\",\"valueRequired\":true,\"valueName\":\"search_term_string\"}}],\"inLanguage\":\"fr-FR\"},{\"@type\":\"Organization\",\"@id\":\"https:\/\/ferdz.fr\/#organization\",\"name\":\"Ferdz\",\"url\":\"https:\/\/ferdz.fr\/\",\"logo\":{\"@type\":\"ImageObject\",\"inLanguage\":\"fr-FR\",\"@id\":\"https:\/\/ferdz.fr\/#\/schema\/logo\/image\/\",\"url\":\"http:\/\/ferdz.fr\/wp-content\/uploads\/2020\/10\/Ferdz-Logo-pour-Site-180X60px.png\",\"contentUrl\":\"http:\/\/ferdz.fr\/wp-content\/uploads\/2020\/10\/Ferdz-Logo-pour-Site-180X60px.png\",\"width\":180,\"height\":60,\"caption\":\"Ferdz\"},\"image\":{\"@id\":\"https:\/\/ferdz.fr\/#\/schema\/logo\/image\/\"},\"sameAs\":[\"https:\/\/www.facebook.com\/ferdz.fr\/\",\"https:\/\/www.instagram.com\/ferdz.fr\/\",\"https:\/\/www.youtube.com\/channel\/UChLdGVB05VZFVGSLHSafAeA?view_as=subscriber\"]}]}<\/script>\n<!-- \/ Yoast SEO plugin. -->","yoast_head_json":{"title":"MICO Cinetic SE - Midi Controller - Ferdz","description":"Handcrafted Universal MIDI Controller\u00a0specially designed to control dynamic\u00a0expression in your Music - Contr\u00f4leur MIDI universel fabriqu\u00e9 \u00e0 la main sp\u00e9cialement con\u00e7u pour contr\u00f4ler l'expression dynamique de votre musique","robots":{"index":"index","follow":"follow","max-snippet":"max-snippet:-1","max-image-preview":"max-image-preview:large","max-video-preview":"max-video-preview:-1"},"canonical":"https:\/\/ferdz.fr\/index.php\/product\/mico-cinetic-se-midi-controller\/","og_locale":"fr_FR","og_type":"article","og_title":"MICO Cinetic SE - Midi Controller - Ferdz","og_description":"Handcrafted Universal MIDI Controller\u00a0specially designed to control dynamic\u00a0expression in your Music - Contr\u00f4leur MIDI universel fabriqu\u00e9 \u00e0 la main sp\u00e9cialement con\u00e7u pour contr\u00f4ler l'expression dynamique de votre musique","og_url":"https:\/\/ferdz.fr\/index.php\/product\/mico-cinetic-se-midi-controller\/","og_site_name":"Ferdz","article_publisher":"https:\/\/www.facebook.com\/ferdz.fr\/","article_modified_time":"2025-03-16T12:06:58+00:00","og_image":[{"width":1024,"height":1024,"url":"https:\/\/ferdz.fr\/wp-content\/uploads\/2023\/12\/MICO-Cinetic-SE-TOP.jpg","type":"image\/jpeg"}],"twitter_card":"summary_large_image","twitter_misc":{"Dur\u00e9e de lecture estim\u00e9e":"1 minute"},"schema":{"@context":"https:\/\/schema.org","@graph":[{"@type":"WebPage","@id":"https:\/\/ferdz.fr\/index.php\/product\/mico-cinetic-se-midi-controller\/","url":"https:\/\/ferdz.fr\/index.php\/product\/mico-cinetic-se-midi-controller\/","name":"MICO Cinetic SE - Midi Controller - Ferdz","isPartOf":{"@id":"https:\/\/ferdz.fr\/#website"},"primaryImageOfPage":{"@id":"https:\/\/ferdz.fr\/index.php\/product\/mico-cinetic-se-midi-controller\/#primaryimage"},"image":{"@id":"https:\/\/ferdz.fr\/index.php\/product\/mico-cinetic-se-midi-controller\/#primaryimage"},"thumbnailUrl":"https:\/\/ferdz.fr\/wp-content\/uploads\/2023\/12\/MICO-Cinetic-SE-TOP.jpg","datePublished":"2023-12-12T17:58:25+00:00","dateModified":"2025-03-16T12:06:58+00:00","description":"Handcrafted Universal MIDI Controller\u00a0specially designed to control dynamic\u00a0expression in your Music - Contr\u00f4leur MIDI universel fabriqu\u00e9 \u00e0 la main sp\u00e9cialement con\u00e7u pour contr\u00f4ler l'expression dynamique de votre musique","breadcrumb":{"@id":"https:\/\/ferdz.fr\/index.php\/product\/mico-cinetic-se-midi-controller\/#breadcrumb"},"inLanguage":"fr-FR","potentialAction":[{"@type":"ReadAction","target":["https:\/\/ferdz.fr\/index.php\/product\/mico-cinetic-se-midi-controller\/"]}]},{"@type":"ImageObject","inLanguage":"fr-FR","@id":"https:\/\/ferdz.fr\/index.php\/product\/mico-cinetic-se-midi-controller\/#primaryimage","url":"https:\/\/ferdz.fr\/wp-content\/uploads\/2023\/12\/MICO-Cinetic-SE-TOP.jpg","contentUrl":"https:\/\/ferdz.fr\/wp-content\/uploads\/2023\/12\/MICO-Cinetic-SE-TOP.jpg","width":1024,"height":1024},{"@type":"BreadcrumbList","@id":"https:\/\/ferdz.fr\/index.php\/product\/mico-cinetic-se-midi-controller\/#breadcrumb","itemListElement":[{"@type":"ListItem","position":1,"name":"Accueil","item":"https:\/\/ferdz.fr\/"},{"@type":"ListItem","position":2,"name":"Shop","item":"https:\/\/ferdz.fr\/index.php\/shop\/"},{"@type":"ListItem","position":3,"name":"MICO Cinetic SE &#8211; Midi Controller"}]},{"@type":"WebSite","@id":"https:\/\/ferdz.fr\/#website","url":"https:\/\/ferdz.fr\/","name":"Ferdz","description":"Music Accessories for Musicians by Musician","publisher":{"@id":"https:\/\/ferdz.fr\/#organization"},"potentialAction":[{"@type":"SearchAction","target":{"@type":"EntryPoint","urlTemplate":"https:\/\/ferdz.fr\/?s={search_term_string}"},"query-input":{"@type":"PropertyValueSpecification","valueRequired":true,"valueName":"search_term_string"}}],"inLanguage":"fr-FR"},{"@type":"Organization","@id":"https:\/\/ferdz.fr\/#organization","name":"Ferdz","url":"https:\/\/ferdz.fr\/","logo":{"@type":"ImageObject","inLanguage":"fr-FR","@id":"https:\/\/ferdz.fr\/#\/schema\/logo\/image\/","url":"http:\/\/ferdz.fr\/wp-content\/uploads\/2020\/10\/Ferdz-Logo-pour-Site-180X60px.png","contentUrl":"http:\/\/ferdz.fr\/wp-content\/uploads\/2020\/10\/Ferdz-Logo-pour-Site-180X60px.png","width":180,"height":60,"caption":"Ferdz"},"image":{"@id":"https:\/\/ferdz.fr\/#\/schema\/logo\/image\/"},"sameAs":["https:\/\/www.facebook.com\/ferdz.fr\/","https:\/\/www.instagram.com\/ferdz.fr\/","https:\/\/www.youtube.com\/channel\/UChLdGVB05VZFVGSLHSafAeA?view_as=subscriber"]}]}},"_links":{"self":[{"href":"https:\/\/ferdz.fr\/index.php\/wp-json\/wp\/v2\/product\/442509","targetHints":{"allow":["GET"]}}],"collection":[{"href":"https:\/\/ferdz.fr\/index.php\/wp-json\/wp\/v2\/product"}],"about":[{"href":"https:\/\/ferdz.fr\/index.php\/wp-json\/wp\/v2\/types\/product"}],"replies":[{"embeddable":true,"href":"https:\/\/ferdz.fr\/index.php\/wp-json\/wp\/v2\/comments?post=442509"}],"version-history":[{"count":19,"href":"https:\/\/ferdz.fr\/index.php\/wp-json\/wp\/v2\/product\/442509\/revisions"}],"predecessor-version":[{"id":442529,"href":"https:\/\/ferdz.fr\/index.php\/wp-json\/wp\/v2\/product\/442509\/revisions\/442529"}],"wp:featuredmedia":[{"embeddable":true,"href":"https:\/\/ferdz.fr\/index.php\/wp-json\/wp\/v2\/media\/441294"}],"wp:attachment":[{"href":"https:\/\/ferdz.fr\/index.php\/wp-json\/wp\/v2\/media?parent=442509"}],"wp:term":[{"taxonomy":"product_brand","embeddable":true,"href":"https:\/\/ferdz.fr\/index.php\/wp-json\/wp\/v2\/product_brand?post=442509"},{"taxonomy":"product_cat","embeddable":true,"href":"https:\/\/ferdz.fr\/index.php\/wp-json\/wp\/v2\/product_cat?post=442509"},{"taxonomy":"product_tag","embeddable":true,"href":"https:\/\/ferdz.fr\/index.php\/wp-json\/wp\/v2\/product_tag?post=442509"}],"curies":[{"name":"wp","href":"https:\/\/api.w.org\/{rel}","templated":true}]}}