{"id":2716,"date":"2022-01-07T21:18:43","date_gmt":"2022-01-07T20:18:43","guid":{"rendered":"https:\/\/ferdz.fr\/?post_type=product&#038;p=2716"},"modified":"2025-03-16T13:06:49","modified_gmt":"2025-03-16T12:06:49","slug":"mico-cinetic-mini-midi-controller","status":"publish","type":"product","link":"https:\/\/ferdz.fr\/index.php\/product\/mico-cinetic-mini-midi-controller\/","title":{"rendered":"MICO Cinetic mini &#8211; Midi Controller"},"content":{"rendered":"\t\t<div data-elementor-type=\"product-post\" data-elementor-id=\"2716\" class=\"elementor elementor-2716\" data-elementor-post-type=\"product\">\n\t\t\t\t\t\t<section class=\"elementor-section elementor-top-section elementor-element elementor-element-7eaf1ace elementor-section-boxed elementor-section-height-default elementor-section-height-default\" data-id=\"7eaf1ace\" data-element_type=\"section\" data-e-type=\"section\">\n\t\t\t\t\t\t<div class=\"elementor-container elementor-column-gap-default\">\n\t\t\t\t\t<div class=\"elementor-column elementor-col-100 elementor-top-column elementor-element elementor-element-6f18bcc0\" data-id=\"6f18bcc0\" data-element_type=\"column\" data-e-type=\"column\">\n\t\t\t<div class=\"elementor-widget-wrap elementor-element-populated\">\n\t\t\t\t\t\t<div class=\"elementor-element elementor-element-33f08b85 elementor-widget elementor-widget-text-editor\" data-id=\"33f08b85\" data-element_type=\"widget\" data-e-type=\"widget\" data-widget_type=\"text-editor.default\">\n\t\t\t\t<div class=\"elementor-widget-container\">\n\t\t\t\t\t\t\t\t\t<p>A light &amp; compact midi controller, easy to use just X3 100mm slide potentiometers.<\/p>\n<p>Control your plugins, save multiple automations at the same time.<\/p>\n<p>Handcrafted with an entire 3D printed enclosure, available in 5 differents colors.<\/p>\n<p>Choose generic or custom Midi CC settings on order.<\/p>\n<p>Universal, Plug &amp; Play and USB Powered<\/p><p><br><\/p>\n<p><\/p>\n<p>Un contr\u00f4leur midi l\u00e9ger &amp; compact, facile \u00e0 utiliser juste X3 potentiom\u00e8tres \u00e0 glissi\u00e8re de 100mm.<\/p>\n<p>Contr\u00f4lez vos plugins, enregistrez plusieurs automations en m\u00eame temps.<\/p>\n<p>Fabriqu\u00e9 \u00e0 la main avec un boitier enti\u00e8rement imprim\u00e9 en 3D, disponible en 5 diff\u00e9rentes couleurs.<\/p>\n<p>Choisissez des r\u00e9glages des Midi CC generiques ou personnalis\u00e9s \u00e0 la commande.<\/p>\n<p>Universel, Plug &amp; Play et aliment\u00e9 par USB<\/p>\t\t\t\t\t\t\t\t<\/div>\n\t\t\t\t<\/div>\n\t\t\t\t\t<\/div>\n\t\t<\/div>\n\t\t\t\t\t<\/div>\n\t\t<\/section>\n\t\t\t\t<\/div>\n\t\t","protected":false},"excerpt":{"rendered":"<p><strong><mark style=\"color:#ff0000\" class=\"has-inline-color\">PRODUCT OUT OF STOCK IN ALL COLORS ! <\/mark><\/strong><\/p>\n<p>A light &amp; compact midi controller, easy to use. Control your plugins and save multiple automations at the same time. <span style=\"color: #ff0000\">(Be careful before adding to cart, double check your choice of midi cc settings. The CC assignment is fixed, no updates are available later for download !)<\/span> Un contr\u00f4leur midi l\u00e9ger &amp; compact, facile \u00e0 utiliser. Contr\u00f4lez vos plugins et enregistrez plusieurs automations en m\u00eame temps. <span style=\"color: #ff0000\">(Faites attention avant d&rsquo;ajouter au panier, v\u00e9rifiez bien votre choix de param\u00e8tres midi cc. L&rsquo;affectation CC est fixe, aucune mise \u00e0 jour n&rsquo;est pas disponible ult\u00e9rieurement en t\u00e9l\u00e9chargement !)<\/span> <img decoding=\"async\" width=\"60\" height=\"47\" class=\"alignnone wp-image-436142\" src=\"https:\/\/ferdz.fr\/wp-content\/uploads\/2020\/12\/Icone-Camion-de-Livraison-300x234.png\" alt=\"\" srcset=\"https:\/\/ferdz.fr\/wp-content\/uploads\/2020\/12\/Icone-Camion-de-Livraison-300x234.png 300w, https:\/\/ferdz.fr\/wp-content\/uploads\/2020\/12\/Icone-Camion-de-Livraison-768x599.png 768w, https:\/\/ferdz.fr\/wp-content\/uploads\/2020\/12\/Icone-Camion-de-Livraison-600x468.png 600w, https:\/\/ferdz.fr\/wp-content\/uploads\/2020\/12\/Icone-Camion-de-Livraison.png 1016w\" sizes=\"(max-width: 60px) 100vw, 60px\" \/>\u00a0 <strong>Shipping Worldwide about 2 to 5 days !<\/strong> Price excl. VAT\/TVA, not added at checkout<\/p>\n","protected":false},"featured_media":2986,"comment_status":"open","ping_status":"closed","template":"","meta":{"site-sidebar-layout":"default","site-content-layout":"default","ast-site-content-layout":"","site-content-style":"default","site-sidebar-style":"default","ast-global-header-display":"","ast-banner-title-visibility":"","ast-main-header-display":"","ast-hfb-above-header-display":"","ast-hfb-below-header-display":"","ast-hfb-mobile-header-display":"","site-post-title":"","ast-breadcrumbs-content":"","ast-featured-img":"","footer-sml-layout":"","theme-transparent-header-meta":"default","adv-header-id-meta":"","stick-header-meta":"","header-above-stick-meta":"","header-main-stick-meta":"","header-below-stick-meta":"","astra-migrate-meta-layouts":"default","ast-page-background-enabled":"default","ast-page-background-meta":{"desktop":{"background-color":"","background-image":"","background-repeat":"repeat","background-position":"center center","background-size":"auto","background-attachment":"scroll","background-type":"","background-media":"","overlay-type":"","overlay-color":"","overlay-opacity":"","overlay-gradient":""},"tablet":{"background-color":"","background-image":"","background-repeat":"repeat","background-position":"center center","background-size":"auto","background-attachment":"scroll","background-type":"","background-media":"","overlay-type":"","overlay-color":"","overlay-opacity":"","overlay-gradient":""},"mobile":{"background-color":"","background-image":"","background-repeat":"repeat","background-position":"center center","background-size":"auto","background-attachment":"scroll","background-type":"","background-media":"","overlay-type":"","overlay-color":"","overlay-opacity":"","overlay-gradient":""}},"ast-content-background-meta":{"desktop":{"background-color":"var(--ast-global-color-5)","background-image":"","background-repeat":"repeat","background-position":"center center","background-size":"auto","background-attachment":"scroll","background-type":"","background-media":"","overlay-type":"","overlay-color":"","overlay-opacity":"","overlay-gradient":""},"tablet":{"background-color":"var(--ast-global-color-5)","background-image":"","background-repeat":"repeat","background-position":"center center","background-size":"auto","background-attachment":"scroll","background-type":"","background-media":"","overlay-type":"","overlay-color":"","overlay-opacity":"","overlay-gradient":""},"mobile":{"background-color":"var(--ast-global-color-5)","background-image":"","background-repeat":"repeat","background-position":"center center","background-size":"auto","background-attachment":"scroll","background-type":"","background-media":"","overlay-type":"","overlay-color":"","overlay-opacity":"","overlay-gradient":""}}},"product_brand":[],"product_cat":[72],"product_tag":[80],"class_list":{"0":"post-2716","1":"product","2":"type-product","3":"status-publish","4":"has-post-thumbnail","6":"product_cat-midi-controller","7":"product_tag-midi-controller","8":"desktop-align-left","9":"tablet-align-left","10":"mobile-align-left","12":"first","13":"outofstock","14":"sale","15":"shipping-taxable","16":"purchasable","17":"product-type-variable"},"yoast_head":"<!-- This site is optimized with the Yoast SEO plugin v26.9 - https:\/\/yoast.com\/product\/yoast-seo-wordpress\/ -->\n<title>MICO Cinetic mini - Midi Controller - Ferdz<\/title>\n<meta name=\"description\" content=\"A light &amp; compact midi controller, easy to use just X3 100mm slide potentiometers.Control your plugins, save multiple automations at the same time.Handcrafted with an entire 3D printed enclosure, available in 5 differents colors.Choose generic or custom Midi CC settings on order.Universal, Plug &amp; Play and USB Powered\" \/>\n<meta name=\"robots\" content=\"index, follow, max-snippet:-1, max-image-preview:large, max-video-preview:-1\" \/>\n<link rel=\"canonical\" href=\"https:\/\/ferdz.fr\/index.php\/product\/mico-cinetic-mini-midi-controller\/\" \/>\n<meta property=\"og:locale\" content=\"fr_FR\" \/>\n<meta property=\"og:type\" content=\"article\" \/>\n<meta property=\"og:title\" content=\"MICO Cinetic mini - Midi Controller - Ferdz\" \/>\n<meta property=\"og:description\" content=\"A light &amp; compact midi controller, easy to use just X3 100mm slide potentiometers.Control your plugins, save multiple automations at the same time.Handcrafted with an entire 3D printed enclosure, available in 5 differents colors.Choose generic or custom Midi CC settings on order.Universal, Plug &amp; Play and USB Powered\" \/>\n<meta property=\"og:url\" content=\"https:\/\/ferdz.fr\/index.php\/product\/mico-cinetic-mini-midi-controller\/\" \/>\n<meta property=\"og:site_name\" content=\"Ferdz\" \/>\n<meta property=\"article:publisher\" content=\"https:\/\/www.facebook.com\/ferdz.fr\/\" \/>\n<meta property=\"article:modified_time\" content=\"2025-03-16T12:06:49+00:00\" \/>\n<meta property=\"og:image\" content=\"https:\/\/ferdz.fr\/wp-content\/uploads\/2022\/01\/MICO-Cinetic-mini-Top-Banner_DEF.png\" \/>\n\t<meta property=\"og:image:width\" content=\"1080\" \/>\n\t<meta property=\"og:image:height\" content=\"880\" \/>\n\t<meta property=\"og:image:type\" content=\"image\/png\" \/>\n<meta name=\"twitter:card\" content=\"summary_large_image\" \/>\n<meta name=\"twitter:label1\" content=\"Dur\u00e9e de lecture estim\u00e9e\" \/>\n\t<meta name=\"twitter:data1\" content=\"1 minute\" \/>\n<script type=\"application\/ld+json\" class=\"yoast-schema-graph\">{\"@context\":\"https:\/\/schema.org\",\"@graph\":[{\"@type\":\"WebPage\",\"@id\":\"https:\/\/ferdz.fr\/index.php\/product\/mico-cinetic-mini-midi-controller\/\",\"url\":\"https:\/\/ferdz.fr\/index.php\/product\/mico-cinetic-mini-midi-controller\/\",\"name\":\"MICO Cinetic mini - Midi Controller - Ferdz\",\"isPartOf\":{\"@id\":\"https:\/\/ferdz.fr\/#website\"},\"primaryImageOfPage\":{\"@id\":\"https:\/\/ferdz.fr\/index.php\/product\/mico-cinetic-mini-midi-controller\/#primaryimage\"},\"image\":{\"@id\":\"https:\/\/ferdz.fr\/index.php\/product\/mico-cinetic-mini-midi-controller\/#primaryimage\"},\"thumbnailUrl\":\"https:\/\/ferdz.fr\/wp-content\/uploads\/2022\/01\/MICO-Cinetic-mini-Top-Banner_DEF.png\",\"datePublished\":\"2022-01-07T20:18:43+00:00\",\"dateModified\":\"2025-03-16T12:06:49+00:00\",\"description\":\"A light & compact midi controller, easy to use just X3 100mm slide potentiometers.Control your plugins, save multiple automations at the same time.Handcrafted with an entire 3D printed enclosure, available in 5 differents colors.Choose generic or custom Midi CC settings on order.Universal, Plug & Play and USB Powered\",\"breadcrumb\":{\"@id\":\"https:\/\/ferdz.fr\/index.php\/product\/mico-cinetic-mini-midi-controller\/#breadcrumb\"},\"inLanguage\":\"fr-FR\",\"potentialAction\":[{\"@type\":\"ReadAction\",\"target\":[\"https:\/\/ferdz.fr\/index.php\/product\/mico-cinetic-mini-midi-controller\/\"]}]},{\"@type\":\"ImageObject\",\"inLanguage\":\"fr-FR\",\"@id\":\"https:\/\/ferdz.fr\/index.php\/product\/mico-cinetic-mini-midi-controller\/#primaryimage\",\"url\":\"https:\/\/ferdz.fr\/wp-content\/uploads\/2022\/01\/MICO-Cinetic-mini-Top-Banner_DEF.png\",\"contentUrl\":\"https:\/\/ferdz.fr\/wp-content\/uploads\/2022\/01\/MICO-Cinetic-mini-Top-Banner_DEF.png\",\"width\":1080,\"height\":880},{\"@type\":\"BreadcrumbList\",\"@id\":\"https:\/\/ferdz.fr\/index.php\/product\/mico-cinetic-mini-midi-controller\/#breadcrumb\",\"itemListElement\":[{\"@type\":\"ListItem\",\"position\":1,\"name\":\"Accueil\",\"item\":\"https:\/\/ferdz.fr\/\"},{\"@type\":\"ListItem\",\"position\":2,\"name\":\"Shop\",\"item\":\"https:\/\/ferdz.fr\/index.php\/shop\/\"},{\"@type\":\"ListItem\",\"position\":3,\"name\":\"MICO Cinetic mini &#8211; Midi Controller\"}]},{\"@type\":\"WebSite\",\"@id\":\"https:\/\/ferdz.fr\/#website\",\"url\":\"https:\/\/ferdz.fr\/\",\"name\":\"Ferdz\",\"description\":\"Music Accessories for Musicians by Musician\",\"publisher\":{\"@id\":\"https:\/\/ferdz.fr\/#organization\"},\"potentialAction\":[{\"@type\":\"SearchAction\",\"target\":{\"@type\":\"EntryPoint\",\"urlTemplate\":\"https:\/\/ferdz.fr\/?s={search_term_string}\"},\"query-input\":{\"@type\":\"PropertyValueSpecification\",\"valueRequired\":true,\"valueName\":\"search_term_string\"}}],\"inLanguage\":\"fr-FR\"},{\"@type\":\"Organization\",\"@id\":\"https:\/\/ferdz.fr\/#organization\",\"name\":\"Ferdz\",\"url\":\"https:\/\/ferdz.fr\/\",\"logo\":{\"@type\":\"ImageObject\",\"inLanguage\":\"fr-FR\",\"@id\":\"https:\/\/ferdz.fr\/#\/schema\/logo\/image\/\",\"url\":\"http:\/\/ferdz.fr\/wp-content\/uploads\/2020\/10\/Ferdz-Logo-pour-Site-180X60px.png\",\"contentUrl\":\"http:\/\/ferdz.fr\/wp-content\/uploads\/2020\/10\/Ferdz-Logo-pour-Site-180X60px.png\",\"width\":180,\"height\":60,\"caption\":\"Ferdz\"},\"image\":{\"@id\":\"https:\/\/ferdz.fr\/#\/schema\/logo\/image\/\"},\"sameAs\":[\"https:\/\/www.facebook.com\/ferdz.fr\/\",\"https:\/\/www.instagram.com\/ferdz.fr\/\",\"https:\/\/www.youtube.com\/channel\/UChLdGVB05VZFVGSLHSafAeA?view_as=subscriber\"]}]}<\/script>\n<!-- \/ Yoast SEO plugin. -->","yoast_head_json":{"title":"MICO Cinetic mini - Midi Controller - Ferdz","description":"A light & compact midi controller, easy to use just X3 100mm slide potentiometers.Control your plugins, save multiple automations at the same time.Handcrafted with an entire 3D printed enclosure, available in 5 differents colors.Choose generic or custom Midi CC settings on order.Universal, Plug & Play and USB Powered","robots":{"index":"index","follow":"follow","max-snippet":"max-snippet:-1","max-image-preview":"max-image-preview:large","max-video-preview":"max-video-preview:-1"},"canonical":"https:\/\/ferdz.fr\/index.php\/product\/mico-cinetic-mini-midi-controller\/","og_locale":"fr_FR","og_type":"article","og_title":"MICO Cinetic mini - Midi Controller - Ferdz","og_description":"A light & compact midi controller, easy to use just X3 100mm slide potentiometers.Control your plugins, save multiple automations at the same time.Handcrafted with an entire 3D printed enclosure, available in 5 differents colors.Choose generic or custom Midi CC settings on order.Universal, Plug & Play and USB Powered","og_url":"https:\/\/ferdz.fr\/index.php\/product\/mico-cinetic-mini-midi-controller\/","og_site_name":"Ferdz","article_publisher":"https:\/\/www.facebook.com\/ferdz.fr\/","article_modified_time":"2025-03-16T12:06:49+00:00","og_image":[{"width":1080,"height":880,"url":"https:\/\/ferdz.fr\/wp-content\/uploads\/2022\/01\/MICO-Cinetic-mini-Top-Banner_DEF.png","type":"image\/png"}],"twitter_card":"summary_large_image","twitter_misc":{"Dur\u00e9e de lecture estim\u00e9e":"1 minute"},"schema":{"@context":"https:\/\/schema.org","@graph":[{"@type":"WebPage","@id":"https:\/\/ferdz.fr\/index.php\/product\/mico-cinetic-mini-midi-controller\/","url":"https:\/\/ferdz.fr\/index.php\/product\/mico-cinetic-mini-midi-controller\/","name":"MICO Cinetic mini - Midi Controller - Ferdz","isPartOf":{"@id":"https:\/\/ferdz.fr\/#website"},"primaryImageOfPage":{"@id":"https:\/\/ferdz.fr\/index.php\/product\/mico-cinetic-mini-midi-controller\/#primaryimage"},"image":{"@id":"https:\/\/ferdz.fr\/index.php\/product\/mico-cinetic-mini-midi-controller\/#primaryimage"},"thumbnailUrl":"https:\/\/ferdz.fr\/wp-content\/uploads\/2022\/01\/MICO-Cinetic-mini-Top-Banner_DEF.png","datePublished":"2022-01-07T20:18:43+00:00","dateModified":"2025-03-16T12:06:49+00:00","description":"A light & compact midi controller, easy to use just X3 100mm slide potentiometers.Control your plugins, save multiple automations at the same time.Handcrafted with an entire 3D printed enclosure, available in 5 differents colors.Choose generic or custom Midi CC settings on order.Universal, Plug & Play and USB Powered","breadcrumb":{"@id":"https:\/\/ferdz.fr\/index.php\/product\/mico-cinetic-mini-midi-controller\/#breadcrumb"},"inLanguage":"fr-FR","potentialAction":[{"@type":"ReadAction","target":["https:\/\/ferdz.fr\/index.php\/product\/mico-cinetic-mini-midi-controller\/"]}]},{"@type":"ImageObject","inLanguage":"fr-FR","@id":"https:\/\/ferdz.fr\/index.php\/product\/mico-cinetic-mini-midi-controller\/#primaryimage","url":"https:\/\/ferdz.fr\/wp-content\/uploads\/2022\/01\/MICO-Cinetic-mini-Top-Banner_DEF.png","contentUrl":"https:\/\/ferdz.fr\/wp-content\/uploads\/2022\/01\/MICO-Cinetic-mini-Top-Banner_DEF.png","width":1080,"height":880},{"@type":"BreadcrumbList","@id":"https:\/\/ferdz.fr\/index.php\/product\/mico-cinetic-mini-midi-controller\/#breadcrumb","itemListElement":[{"@type":"ListItem","position":1,"name":"Accueil","item":"https:\/\/ferdz.fr\/"},{"@type":"ListItem","position":2,"name":"Shop","item":"https:\/\/ferdz.fr\/index.php\/shop\/"},{"@type":"ListItem","position":3,"name":"MICO Cinetic mini &#8211; Midi Controller"}]},{"@type":"WebSite","@id":"https:\/\/ferdz.fr\/#website","url":"https:\/\/ferdz.fr\/","name":"Ferdz","description":"Music Accessories for Musicians by Musician","publisher":{"@id":"https:\/\/ferdz.fr\/#organization"},"potentialAction":[{"@type":"SearchAction","target":{"@type":"EntryPoint","urlTemplate":"https:\/\/ferdz.fr\/?s={search_term_string}"},"query-input":{"@type":"PropertyValueSpecification","valueRequired":true,"valueName":"search_term_string"}}],"inLanguage":"fr-FR"},{"@type":"Organization","@id":"https:\/\/ferdz.fr\/#organization","name":"Ferdz","url":"https:\/\/ferdz.fr\/","logo":{"@type":"ImageObject","inLanguage":"fr-FR","@id":"https:\/\/ferdz.fr\/#\/schema\/logo\/image\/","url":"http:\/\/ferdz.fr\/wp-content\/uploads\/2020\/10\/Ferdz-Logo-pour-Site-180X60px.png","contentUrl":"http:\/\/ferdz.fr\/wp-content\/uploads\/2020\/10\/Ferdz-Logo-pour-Site-180X60px.png","width":180,"height":60,"caption":"Ferdz"},"image":{"@id":"https:\/\/ferdz.fr\/#\/schema\/logo\/image\/"},"sameAs":["https:\/\/www.facebook.com\/ferdz.fr\/","https:\/\/www.instagram.com\/ferdz.fr\/","https:\/\/www.youtube.com\/channel\/UChLdGVB05VZFVGSLHSafAeA?view_as=subscriber"]}]}},"_links":{"self":[{"href":"https:\/\/ferdz.fr\/index.php\/wp-json\/wp\/v2\/product\/2716","targetHints":{"allow":["GET"]}}],"collection":[{"href":"https:\/\/ferdz.fr\/index.php\/wp-json\/wp\/v2\/product"}],"about":[{"href":"https:\/\/ferdz.fr\/index.php\/wp-json\/wp\/v2\/types\/product"}],"replies":[{"embeddable":true,"href":"https:\/\/ferdz.fr\/index.php\/wp-json\/wp\/v2\/comments?post=2716"}],"version-history":[{"count":37,"href":"https:\/\/ferdz.fr\/index.php\/wp-json\/wp\/v2\/product\/2716\/revisions"}],"predecessor-version":[{"id":541215,"href":"https:\/\/ferdz.fr\/index.php\/wp-json\/wp\/v2\/product\/2716\/revisions\/541215"}],"wp:featuredmedia":[{"embeddable":true,"href":"https:\/\/ferdz.fr\/index.php\/wp-json\/wp\/v2\/media\/2986"}],"wp:attachment":[{"href":"https:\/\/ferdz.fr\/index.php\/wp-json\/wp\/v2\/media?parent=2716"}],"wp:term":[{"taxonomy":"product_brand","embeddable":true,"href":"https:\/\/ferdz.fr\/index.php\/wp-json\/wp\/v2\/product_brand?post=2716"},{"taxonomy":"product_cat","embeddable":true,"href":"https:\/\/ferdz.fr\/index.php\/wp-json\/wp\/v2\/product_cat?post=2716"},{"taxonomy":"product_tag","embeddable":true,"href":"https:\/\/ferdz.fr\/index.php\/wp-json\/wp\/v2\/product_tag?post=2716"}],"curies":[{"name":"wp","href":"https:\/\/api.w.org\/{rel}","templated":true}]}}